{"id":788,"date":"2026-02-21T14:38:43","date_gmt":"2026-02-21T14:38:43","guid":{"rendered":"https:\/\/gerart.online\/?post_type=product&#038;p=788"},"modified":"2026-02-21T14:40:10","modified_gmt":"2026-02-21T14:40:10","slug":"jak-przetrwac-atak-nuklearny","status":"publish","type":"product","link":"https:\/\/gerart.online\/en\/product\/jak-przetrwac-atak-nuklearny\/","title":{"rendered":"Jak rozpali\u0107 ogie\u0144 w ka\u017cdej sytuacji"},"content":{"rendered":"","protected":false},"excerpt":{"rendered":"","protected":false},"featured_media":0,"comment_status":"open","ping_status":"closed","template":"","meta":[],"product_brand":[],"product_cat":[15],"product_tag":[],"class_list":{"0":"post-788","1":"product","2":"type-product","3":"status-publish","5":"product_cat-sem-categoria","7":"first","8":"instock","9":"downloadable","10":"virtual","11":"purchasable","12":"product-type-simple"},"_links":{"self":[{"href":"https:\/\/gerart.online\/en\/wp-json\/wp\/v2\/product\/788","targetHints":{"allow":["GET"]}}],"collection":[{"href":"https:\/\/gerart.online\/en\/wp-json\/wp\/v2\/product"}],"about":[{"href":"https:\/\/gerart.online\/en\/wp-json\/wp\/v2\/types\/product"}],"replies":[{"embeddable":true,"href":"https:\/\/gerart.online\/en\/wp-json\/wp\/v2\/comments?post=788"}],"wp:attachment":[{"href":"https:\/\/gerart.online\/en\/wp-json\/wp\/v2\/media?parent=788"}],"wp:term":[{"taxonomy":"product_brand","embeddable":true,"href":"https:\/\/gerart.online\/en\/wp-json\/wp\/v2\/product_brand?post=788"},{"taxonomy":"product_cat","embeddable":true,"href":"https:\/\/gerart.online\/en\/wp-json\/wp\/v2\/product_cat?post=788"},{"taxonomy":"product_tag","embeddable":true,"href":"https:\/\/gerart.online\/en\/wp-json\/wp\/v2\/product_tag?post=788"}],"curies":[{"name":"wp","href":"https:\/\/api.w.org\/{rel}","templated":true}]}}