{"id":318,"date":"2026-01-25T01:53:31","date_gmt":"2026-01-25T01:53:31","guid":{"rendered":"https:\/\/gerart.online\/?post_type=product&#038;p=318"},"modified":"2026-01-26T02:37:33","modified_gmt":"2026-01-26T02:37:33","slug":"nieodparte-wiadomosci","status":"publish","type":"product","link":"https:\/\/gerart.online\/en\/product\/nieodparte-wiadomosci\/","title":{"rendered":"Nieodparte Wiadomo\u015bci"},"content":{"rendered":"<section class=\"sales-section bg-secondary\/50\">\n<div class=\"container\">\n<div class=\"max-w-3xl mx-auto\">\n<h3 class=\"section-title\">Naucz si\u0119 pisa\u0107 wiadomo\u015bci, kt\u00f3re buduj\u0105 g\u0142\u0119bsze po\u0142\u0105czenia<\/h3>\n<p class=\"text-lg text-muted-foreground leading-relaxed\">Nieodparte Wiadomo\u015bci to praktyczny przewodnik po sztuce komunikacji pisemnej w relacjach.<\/p>\n<\/div>\n<\/div>\n<\/section>\n<section class=\"sales-section\">\n<div class=\"container\">\n<div class=\"max-w-3xl mx-auto\">\n<h3 class=\"section-title\">Problem, kt\u00f3ry rozwi\u0105zuje produkt<\/h3>\n<p class=\"text-muted-foreground leading-relaxed\">Czy zdarza Ci si\u0119 wysy\u0142a\u0107 wiadomo\u015bci, kt\u00f3re pozostaj\u0105 bez odpowiedzi?<\/p>\n<\/div>\n<\/div>\n<\/section>\n<section class=\"sales-section bg-secondary\/50\">\n<div class=\"container\">\n<div class=\"max-w-3xl mx-auto\">\n<h3 class=\"section-title\">Dla kogo jest ten ebook<\/h3>\n<ul class=\"space-y-3\">\n<li class=\"flex items-start gap-3\"><span class=\"text-muted-foreground\">Osoby chc\u0105ce poprawi\u0107 swoje umiej\u0119tno\u015bci komunikacyjne<\/span><\/li>\n<li class=\"flex items-start gap-3\"><span class=\"text-muted-foreground\">Single szukaj\u0105cy lepszego kontaktu z potencjalnymi partnerami<\/span><\/li>\n<li class=\"flex items-start gap-3\"><span class=\"text-muted-foreground\">Ka\u017cdy, kto chce budowa\u0107 g\u0142\u0119bsze relacje<\/span><\/li>\n<\/ul>\n<\/div>\n<\/div>\n<\/section>\n<section class=\"sales-section\">\n<div class=\"container\">\n<div class=\"max-w-3xl mx-auto\">\n<h3 class=\"section-title\">G\u0142\u00f3wne korzy\u015bci<\/h3>\n<ul class=\"space-y-3\">\n<li class=\"flex items-start gap-3\"><span class=\"text-muted-foreground\">Zrozumienie psychologii komunikacji pisemnej<\/span><\/li>\n<li class=\"flex items-start gap-3\"><span class=\"text-muted-foreground\">Techniki pisania anga\u017cuj\u0105cych wiadomo\u015bci<\/span><\/li>\n<li class=\"flex items-start gap-3\"><span class=\"text-muted-foreground\">Wzory i szablony do adaptacji<\/span><\/li>\n<li class=\"flex items-start gap-3\"><span class=\"text-muted-foreground\">Unikanie typowych b\u0142\u0119d\u00f3w komunikacyjnych<\/span><\/li>\n<\/ul>\n<\/div>\n<\/div>\n<\/section>\n<section class=\"sales-section bg-secondary\/50\">\n<div class=\"container\">\n<div class=\"max-w-3xl mx-auto\">\n<h3 class=\"section-title\">Co znajdziesz w \u015brodku<\/h3>\n<ul class=\"space-y-3\">\n<li class=\"flex items-start gap-3\"><span class=\"text-muted-foreground\">Fundamenty skutecznej komunikacji<\/span><\/li>\n<li class=\"flex items-start gap-3\"><span class=\"text-muted-foreground\">Psychologia odpowiedzi<\/span><\/li>\n<li class=\"flex items-start gap-3\"><span class=\"text-muted-foreground\">Techniki anga\u017cowania<\/span><\/li>\n<li class=\"flex items-start gap-3\"><span class=\"text-muted-foreground\">Timing i cz\u0119stotliwo\u015b\u0107<\/span><\/li>\n<li class=\"flex items-start gap-3\"><span class=\"text-muted-foreground\">Przej\u015bcie z pisania do spotkania<\/span><\/li>\n<\/ul>\n<\/div>\n<\/div>\n<\/section>","protected":false},"excerpt":{"rendered":"<p class=\"mt-4 text-muted-foreground leading-relaxed\">Naucz si\u0119 pisa\u0107 wiadomo\u015bci, kt\u00f3re wywo\u0142uj\u0105 reakcj\u0119 i buduj\u0105 g\u0142\u0119bsze po\u0142\u0105czenia.<\/p>\n<div class=\"mt-6 flex items-baseline gap-4\"><\/div>","protected":false},"featured_media":322,"comment_status":"open","ping_status":"closed","template":"","meta":[],"product_brand":[],"product_cat":[26],"product_tag":[],"class_list":{"0":"post-318","1":"product","2":"type-product","3":"status-publish","4":"has-post-thumbnail","6":"product_cat-relacje-i-komunikacja","8":"first","9":"instock","10":"virtual","11":"purchasable","12":"product-type-simple"},"_links":{"self":[{"href":"https:\/\/gerart.online\/en\/wp-json\/wp\/v2\/product\/318","targetHints":{"allow":["GET"]}}],"collection":[{"href":"https:\/\/gerart.online\/en\/wp-json\/wp\/v2\/product"}],"about":[{"href":"https:\/\/gerart.online\/en\/wp-json\/wp\/v2\/types\/product"}],"replies":[{"embeddable":true,"href":"https:\/\/gerart.online\/en\/wp-json\/wp\/v2\/comments?post=318"}],"wp:featuredmedia":[{"embeddable":true,"href":"https:\/\/gerart.online\/en\/wp-json\/wp\/v2\/media\/322"}],"wp:attachment":[{"href":"https:\/\/gerart.online\/en\/wp-json\/wp\/v2\/media?parent=318"}],"wp:term":[{"taxonomy":"product_brand","embeddable":true,"href":"https:\/\/gerart.online\/en\/wp-json\/wp\/v2\/product_brand?post=318"},{"taxonomy":"product_cat","embeddable":true,"href":"https:\/\/gerart.online\/en\/wp-json\/wp\/v2\/product_cat?post=318"},{"taxonomy":"product_tag","embeddable":true,"href":"https:\/\/gerart.online\/en\/wp-json\/wp\/v2\/product_tag?post=318"}],"curies":[{"name":"wp","href":"https:\/\/api.w.org\/{rel}","templated":true}]}}