{"id":397,"date":"2026-01-25T02:49:38","date_gmt":"2026-01-25T02:49:38","guid":{"rendered":"https:\/\/gerart.online\/?page_id=397"},"modified":"2026-01-25T02:53:04","modified_gmt":"2026-01-25T02:53:04","slug":"kontakt","status":"publish","type":"page","link":"https:\/\/gerart.online\/en\/kontakt\/","title":{"rendered":"Kontakt"},"content":{"rendered":"<div data-elementor-type=\"wp-page\" data-elementor-id=\"397\" class=\"elementor elementor-397\" data-elementor-post-type=\"page\">\n\t\t\t\t<div class=\"elementor-element elementor-element-b912138 e-con-full e-flex e-con e-parent\" data-id=\"b912138\" data-element_type=\"container\" data-e-type=\"container\" data-settings=\"{&quot;background_background&quot;:&quot;classic&quot;}\">\n\t\t<div class=\"elementor-element elementor-element-98b90d3 e-con-full e-flex e-con e-child\" data-id=\"98b90d3\" data-element_type=\"container\" data-e-type=\"container\">\n\t\t<div class=\"elementor-element elementor-element-4c421de e-con-full e-flex e-con e-child\" data-id=\"4c421de\" data-element_type=\"container\" data-e-type=\"container\">\n\t\t<div class=\"elementor-element elementor-element-a3bd62b e-con-full e-flex e-con e-child\" data-id=\"a3bd62b\" data-element_type=\"container\" data-e-type=\"container\">\n\t\t\t\t<div class=\"elementor-element elementor-element-f80dbbe elementor-widget elementor-widget-softlite_dynamic_card_box\" data-id=\"f80dbbe\" data-element_type=\"widget\" data-e-type=\"widget\" data-widget_type=\"softlite_dynamic_card_box.default\">\n\t\t\t\t<div class=\"elementor-widget-container\">\n\t\t\t\t\t <section class=\"softlite-dynamic-card-box qsx2tf68 softlite-dynamic-card-box-background-color-1\"><div class=\"vakupm2l\"><h1 class=\"jv9vzcgr softlite-dynamic-card-box-text-1\">Kontakt<\/h1><p class=\"jaocjy81 softlite-dynamic-card-box-text-2\">Masz pytanie? Napisz do nas!<\/p><\/div><\/section> \t\t\t\t<\/div>\n\t\t\t\t<\/div>\n\t\t<div class=\"elementor-element elementor-element-f00fb0d e-con-full e-flex e-con e-child\" data-id=\"f00fb0d\" data-element_type=\"container\" data-e-type=\"container\">\n\t\t<div class=\"elementor-element elementor-element-664c756 e-con-full e-flex e-con e-child\" data-id=\"664c756\" data-element_type=\"container\" data-e-type=\"container\">\n\t\t<div class=\"elementor-element elementor-element-cee5b5a e-con-full e-flex e-con e-child\" data-id=\"cee5b5a\" data-element_type=\"container\" data-e-type=\"container\">\n\t\t<div class=\"elementor-element elementor-element-534be3e e-con-full e-flex e-con e-child\" data-id=\"534be3e\" data-element_type=\"container\" data-e-type=\"container\">\n\t\t\t\t<div class=\"elementor-element elementor-element-7b6b01a elementor-widget__width-initial elementor-widget elementor-widget-heading\" data-id=\"7b6b01a\" data-element_type=\"widget\" data-e-type=\"widget\" data-widget_type=\"heading.default\">\n\t\t\t\t\t<h2 class=\"elementor-heading-title elementor-size-default\">Informacje kontaktowe<\/h2>\t\t\t\t<\/div>\n\t\t<div class=\"elementor-element elementor-element-59c3398 e-con-full e-flex e-con e-child\" data-id=\"59c3398\" data-element_type=\"container\" data-e-type=\"container\">\n\t\t\t\t<div class=\"elementor-element elementor-element-7ede034 elementor-widget elementor-widget-softlite_dynamic_card_box\" data-id=\"7ede034\" data-element_type=\"widget\" data-e-type=\"widget\" data-widget_type=\"softlite_dynamic_card_box.default\">\n\t\t\t\t<div class=\"elementor-widget-container\">\n\t\t\t\t\t \n\t<div class=\"softlite-dynamic-card-box wrvdhwhj\"><div class=\"qep0nn5n softlite-dynamic-card-box-background-color-1\"><span class=\"\"><svg xmlns=\"http:\/\/www.w3.org\/2000\/svg\" width=\"24\" height=\"24\" viewbox=\"0 0 24 24\" fill=\"none\" stroke=\"currentColor\" stroke-width=\"2\" stroke-linecap=\"round\" stroke-linejoin=\"round\" class=\"ra7hy9v7 softlite-dynamic-icon\"><rect width=\"20\" height=\"16\" x=\"2\" y=\"4\" rx=\"2\"><\/rect><path d=\"m22 7-8.97 5.7a1.94 1.94 0 0 1-2.06 0L2 7\"><\/path><\/svg><\/span><\/div><div class=\"xcc2w2uo\"><p class=\"d513b09w softlite-dynamic-card-box-text-1\">Email<\/p><p class=\"whkplr12 softlite-dynamic-card-box-text-2\">kontakt@gerart.online<\/p><\/div><\/div> \t\t\t\t<\/div>\n\t\t\t\t<\/div>\n\t\t\t\t<div class=\"elementor-element elementor-element-01e17e4 elementor-widget elementor-widget-softlite_dynamic_card_box\" data-id=\"01e17e4\" data-element_type=\"widget\" data-e-type=\"widget\" data-widget_type=\"softlite_dynamic_card_box.default\">\n\t\t\t\t<div class=\"elementor-widget-container\">\n\t\t\t\t\t \n\t<div class=\"softlite-dynamic-card-box vhgdue7f\"><div class=\"h6qi2a1d softlite-dynamic-card-box-background-color-1\"><span class=\"\"><svg xmlns=\"http:\/\/www.w3.org\/2000\/svg\" width=\"24\" height=\"24\" viewbox=\"0 0 24 24\" fill=\"none\" stroke=\"currentColor\" stroke-width=\"2\" stroke-linecap=\"round\" stroke-linejoin=\"round\" class=\"yh4aw1f0 softlite-dynamic-icon\"><circle cx=\"12\" cy=\"12\" r=\"10\"><\/circle><polyline points=\"12 6 12 12 16 14\"><\/polyline><\/svg><\/span><\/div><div class=\"fbs6u028\"><p class=\"wc80upgb softlite-dynamic-card-box-text-1\">Odpowiadamy w ci\u0105gu 24 godzin<\/p><\/div><\/div> \t\t\t\t<\/div>\n\t\t\t\t<\/div>\n\t\t\t\t<div class=\"elementor-element elementor-element-d19a73b elementor-widget elementor-widget-softlite_dynamic_card_box\" data-id=\"d19a73b\" data-element_type=\"widget\" data-e-type=\"widget\" data-widget_type=\"softlite_dynamic_card_box.default\">\n\t\t\t\t<div class=\"elementor-widget-container\">\n\t\t\t\t\t \n\t<div class=\"softlite-dynamic-card-box xuy5x5ij\"><div class=\"p60zhv1s softlite-dynamic-card-box-background-color-1\"><span class=\"\"><svg xmlns=\"http:\/\/www.w3.org\/2000\/svg\" width=\"24\" height=\"24\" viewbox=\"0 0 24 24\" fill=\"none\" stroke=\"currentColor\" stroke-width=\"2\" stroke-linecap=\"round\" stroke-linejoin=\"round\" class=\"kfnaq55r softlite-dynamic-icon\"><path d=\"M21 15a2 2 0 0 1-2 2H7l-4 4V5a2 2 0 0 1 2-2h14a2 2 0 0 1 2 2z\"><\/path><\/svg><\/span><\/div><div class=\"dxxzafe8\"><p class=\"x7ld38s2 softlite-dynamic-card-box-text-1\">Godziny wsparcia<\/p><p class=\"f0a3d0tk softlite-dynamic-card-box-text-2\">Poniedzia\u0142ek - Pi\u0105tek: 9:00 - 17:00<\/p><\/div><\/div> \t\t\t\t<\/div>\n\t\t\t\t<\/div>\n\t\t\t\t<\/div>\n\t\t<div class=\"elementor-element elementor-element-a332b40 e-con-full e-flex e-con e-child\" data-id=\"a332b40\" data-element_type=\"container\" data-e-type=\"container\" data-settings=\"{&quot;background_background&quot;:&quot;classic&quot;}\">\n\t\t\t\t<div class=\"elementor-element elementor-element-44d9e71 elementor-widget__width-initial elementor-widget elementor-widget-text-editor\" data-id=\"44d9e71\" data-element_type=\"widget\" data-e-type=\"widget\" data-widget_type=\"text-editor.default\">\n\t\t\t\t\t\t\t\t\t<p><a href=\"\/en\/zwroty\/\" class=\"pu4t2o7l\">Zwroty i reklamacje<\/a><\/p>\t\t\t\t\t\t\t\t<\/div>\n\t\t\t\t<\/div>\n\t\t\t\t<\/div>\n\t\t<div class=\"elementor-element elementor-element-1637e10 e-con-full e-flex e-con e-child\" data-id=\"1637e10\" data-element_type=\"container\" data-e-type=\"container\">\n\t\t<div class=\"elementor-element elementor-element-dfeb1e0 e-con-full e-flex e-con e-child\" data-id=\"dfeb1e0\" data-element_type=\"container\" data-e-type=\"container\" data-settings=\"{&quot;background_background&quot;:&quot;classic&quot;}\">\n\t\t\t\t<div class=\"elementor-element elementor-element-469ce30 elementor-widget__width-initial elementor-widget elementor-widget-heading\" data-id=\"469ce30\" data-element_type=\"widget\" data-e-type=\"widget\" data-widget_type=\"heading.default\">\n\t\t\t\t\t<h2 class=\"elementor-heading-title elementor-size-default\">Formularz kontaktowy<\/h2>\t\t\t\t<\/div>\n\t\t\t\t<div class=\"elementor-element elementor-element-eb637d0 elementor-button-align-stretch elementor-widget elementor-widget-form\" data-id=\"eb637d0\" data-element_type=\"widget\" data-e-type=\"widget\" data-settings=\"{&quot;step_next_label&quot;:&quot;Pr\\u00f3ximo&quot;,&quot;step_previous_label&quot;:&quot;Anterior&quot;,&quot;button_width&quot;:&quot;100&quot;,&quot;step_type&quot;:&quot;number_text&quot;,&quot;step_icon_shape&quot;:&quot;circle&quot;}\" data-widget_type=\"form.default\">\n\t\t\t\t\t\t\t<form class=\"elementor-form\" method=\"post\" name=\"Novo formul\u00e1rio\" aria-label=\"Novo formul\u00e1rio\" action=\"\">\n\t\t\t<input type=\"hidden\" name=\"post_id\" value=\"397\"\/>\n\t\t\t<input type=\"hidden\" name=\"form_id\" value=\"eb637d0\"\/>\n\t\t\t<input type=\"hidden\" name=\"referer_title\" value=\"Kontakt\" \/>\n\n\t\t\t\t\t\t\t<input type=\"hidden\" name=\"queried_id\" value=\"397\"\/>\n\t\t\t\n\t\t\t<div class=\"elementor-form-fields-wrapper elementor-labels-above\">\n\t\t\t\t\t\t\t\t<div class=\"elementor-field-type-text elementor-field-group elementor-column elementor-field-group-name elementor-col-100 elementor-field-required\">\n\t\t\t\t\t\t\t\t\t\t\t\t<label for=\"form-field-name\" class=\"elementor-field-label\">\n\t\t\t\t\t\t\t\tImi\u0119 i nazwisko *\t\t\t\t\t\t\t<\/label>\n\t\t\t\t\t\t\t\t\t\t\t\t\t\t<input size=\"1\" type=\"text\" name=\"form_fields[name]\" id=\"form-field-name\" class=\"elementor-field elementor-size-sm  elementor-field-textual\" required=\"required\">\n\t\t\t\t\t\t\t\t\t\t\t<\/div>\n\t\t\t\t\t\t\t\t<div class=\"elementor-field-type-email elementor-field-group elementor-column elementor-field-group-email elementor-col-100 elementor-field-required\">\n\t\t\t\t\t\t\t\t\t\t\t\t<label for=\"form-field-email\" class=\"elementor-field-label\">\n\t\t\t\t\t\t\t\tAdres email *\t\t\t\t\t\t\t<\/label>\n\t\t\t\t\t\t\t\t\t\t\t\t\t\t<input size=\"1\" type=\"email\" name=\"form_fields[email]\" id=\"form-field-email\" class=\"elementor-field elementor-size-sm  elementor-field-textual\" required=\"required\">\n\t\t\t\t\t\t\t\t\t\t\t<\/div>\n\t\t\t\t\t\t\t\t<div class=\"elementor-field-type-textarea elementor-field-group elementor-column elementor-field-group-message elementor-col-100 elementor-field-required\">\n\t\t\t\t\t\t\t\t\t\t\t\t<label for=\"form-field-message\" class=\"elementor-field-label\">\n\t\t\t\t\t\t\t\tWiadomo\u015b\u0107 *\t\t\t\t\t\t\t<\/label>\n\t\t\t\t\t\t<textarea class=\"elementor-field-textual elementor-field  elementor-size-sm\" name=\"form_fields[message]\" id=\"form-field-message\" rows=\"4\" required=\"required\"><\/textarea>\t\t\t\t<\/div>\n\t\t\t\t\t\t\t\t<div class=\"elementor-field-group elementor-column elementor-field-type-submit elementor-col-100 e-form__buttons\">\n\t\t\t\t\t<button class=\"elementor-button elementor-size-sm\" type=\"submit\">\n\t\t\t\t\t\t<span class=\"elementor-button-content-wrapper\">\n\t\t\t\t\t\t\t\t\t\t\t\t\t\t\t\t\t\t\t\t\t\t<span class=\"elementor-button-text\">Wy\u015blij wiadomo\u015b\u0107<\/span>\n\t\t\t\t\t\t\t\t\t\t\t\t\t<\/span>\n\t\t\t\t\t<\/button>\n\t\t\t\t<\/div>\n\t\t\t<\/div>\n\t\t<input type=\"hidden\" name=\"trp-form-language\" value=\"en\"\/><\/form>\n\t\t\t\t\t\t<\/div>\n\t\t\t\t<\/div>\n\t\t\t\t<\/div>\n\t\t\t\t<\/div>\n\t\t\t\t<\/div>\n\t\t\t\t<\/div>\n\t\t\t\t<\/div>\n\t\t\t\t<\/div>\n\t\t\t\t<\/div>\n\t\t<div class=\"elementor-element elementor-element-25c2a88 e-con-full e-flex e-con e-child\" data-id=\"25c2a88\" data-element_type=\"container\" data-e-type=\"container\" data-settings=\"{&quot;background_background&quot;:&quot;classic&quot;}\">\n\t\t\t\t<\/div>\n\t\t<div class=\"elementor-element elementor-element-39d1458 e-con-full e-flex e-con e-child\" data-id=\"39d1458\" data-element_type=\"container\" data-e-type=\"container\" data-settings=\"{&quot;background_background&quot;:&quot;classic&quot;}\">\n\t\t\t\t<\/div>\n\t\t\t\t<\/div>\n\t\t\t\t<\/div>","protected":false},"excerpt":{"rendered":"<p>Kontakt Masz pytanie? Napisz do nas! Informacje kontaktowe Email kontakt@gerart.online Odpowiadamy w ci\u0105gu 24 godzin Godziny wsparcia Poniedzia\u0142ek &#8211; Pi\u0105tek: 9:00 &#8211; 17:00 Zwroty i reklamacje Formularz kontaktowy<\/p>","protected":false},"author":1,"featured_media":0,"parent":0,"menu_order":0,"comment_status":"closed","ping_status":"closed","template":"","meta":{"footnotes":""},"class_list":["post-397","page","type-page","status-publish","hentry"],"_links":{"self":[{"href":"https:\/\/gerart.online\/en\/wp-json\/wp\/v2\/pages\/397","targetHints":{"allow":["GET"]}}],"collection":[{"href":"https:\/\/gerart.online\/en\/wp-json\/wp\/v2\/pages"}],"about":[{"href":"https:\/\/gerart.online\/en\/wp-json\/wp\/v2\/types\/page"}],"author":[{"embeddable":true,"href":"https:\/\/gerart.online\/en\/wp-json\/wp\/v2\/users\/1"}],"replies":[{"embeddable":true,"href":"https:\/\/gerart.online\/en\/wp-json\/wp\/v2\/comments?post=397"}],"version-history":[{"count":10,"href":"https:\/\/gerart.online\/en\/wp-json\/wp\/v2\/pages\/397\/revisions"}],"predecessor-version":[{"id":407,"href":"https:\/\/gerart.online\/en\/wp-json\/wp\/v2\/pages\/397\/revisions\/407"}],"wp:attachment":[{"href":"https:\/\/gerart.online\/en\/wp-json\/wp\/v2\/media?parent=397"}],"curies":[{"name":"wp","href":"https:\/\/api.w.org\/{rel}","templated":true}]}}