{"id":392,"date":"2026-01-25T02:48:10","date_gmt":"2026-01-25T02:48:10","guid":{"rendered":"https:\/\/gerart.online\/?page_id=392"},"modified":"2026-01-25T02:55:10","modified_gmt":"2026-01-25T02:55:10","slug":"zwroty-i-reklamacje","status":"publish","type":"page","link":"https:\/\/gerart.online\/en\/zwroty-i-reklamacje\/","title":{"rendered":"Zwroty i reklamacje"},"content":{"rendered":"<div data-elementor-type=\"wp-page\" data-elementor-id=\"392\" class=\"elementor elementor-392\" data-elementor-post-type=\"page\">\n\t\t\t\t<div class=\"elementor-element elementor-element-708e82b e-con-full e-flex e-con e-parent\" data-id=\"708e82b\" data-element_type=\"container\" data-e-type=\"container\" data-settings=\"{&quot;background_background&quot;:&quot;classic&quot;}\">\n\t\t<div class=\"elementor-element elementor-element-aef8a6c e-con-full e-flex e-con e-child\" data-id=\"aef8a6c\" data-element_type=\"container\" data-e-type=\"container\">\n\t\t<div class=\"elementor-element elementor-element-4c04b42 e-con-full e-flex e-con e-child\" data-id=\"4c04b42\" data-element_type=\"container\" data-e-type=\"container\">\n\t\t<div class=\"elementor-element elementor-element-b196948 e-con-full e-flex e-con e-child\" data-id=\"b196948\" data-element_type=\"container\" data-e-type=\"container\">\n\t\t\t\t<div class=\"elementor-element elementor-element-5a5be79 elementor-widget elementor-widget-softlite_dynamic_card_box\" data-id=\"5a5be79\" data-element_type=\"widget\" data-e-type=\"widget\" data-widget_type=\"softlite_dynamic_card_box.default\">\n\t\t\t\t<div class=\"elementor-widget-container\">\n\t\t\t\t\t <section class=\"softlite-dynamic-card-box ardkq82q softlite-dynamic-card-box-background-color-1\"><div class=\"aol6p62l\"><h1 class=\"drmm9k6p softlite-dynamic-card-box-text-1\">Zwroty i reklamacje<\/h1><p class=\"rs2mry1f softlite-dynamic-card-box-text-2\">Informacje o prawach konsumenta i procedurze zwrot\u00f3w<\/p><\/div><\/section> \t\t\t\t<\/div>\n\t\t\t\t<\/div>\n\t\t<div class=\"elementor-element elementor-element-72562a1 e-con-full e-flex e-con e-child\" data-id=\"72562a1\" data-element_type=\"container\" data-e-type=\"container\">\n\t\t<div class=\"elementor-element elementor-element-1d8db5f e-con-full e-flex e-con e-child\" data-id=\"1d8db5f\" data-element_type=\"container\" data-e-type=\"container\">\n\t\t<div class=\"elementor-element elementor-element-90f755c e-con-full e-flex e-con e-child\" data-id=\"90f755c\" data-element_type=\"container\" data-e-type=\"container\">\n\t\t\t\t<div class=\"elementor-element elementor-element-3117248 elementor-widget elementor-widget-softlite_dynamic_card_box\" data-id=\"3117248\" data-element_type=\"widget\" data-e-type=\"widget\" data-widget_type=\"softlite_dynamic_card_box.default\">\n\t\t\t\t<div class=\"elementor-widget-container\">\n\t\t\t\t\t \n\t<div class=\"softlite-dynamic-card-box dl9l54xq softlite-dynamic-card-box-background-color-1\"><div class=\"w2hykahp\"><span class=\"\"><svg xmlns=\"http:\/\/www.w3.org\/2000\/svg\" width=\"24\" height=\"24\" viewbox=\"0 0 24 24\" fill=\"none\" stroke=\"currentColor\" stroke-width=\"2\" stroke-linecap=\"round\" stroke-linejoin=\"round\" class=\"qsx5xg2l softlite-dynamic-icon\"><circle cx=\"12\" cy=\"12\" r=\"10\"><\/circle><line x1=\"12\" x2=\"12\" y1=\"8\" y2=\"12\"><\/line><line x1=\"12\" x2=\"12.01\" y1=\"16\" y2=\"16\"><\/line><\/svg><\/span><div class=\"z3vb4ud4\"><h3 class=\"aywixobn softlite-dynamic-card-box-text-1\">Wa\u017cna informacja o produktach cyfrowych<\/h3><p class=\"lvnnv8h4 softlite-dynamic-card-box-text-2\">Zgodnie z ustaw\u0105 o prawach konsumenta (art. 38 pkt 13), prawo do odst\u0105pienia od umowy zawartej na odleg\u0142o\u015b\u0107 nie przys\u0142uguje konsumentowi w przypadku um\u00f3w o dostarczanie tre\u015bci cyfrowych, je\u017celi spe\u0142nianie \u015bwiadczenia rozpocz\u0119\u0142o si\u0119 za wyra\u017an\u0105 zgod\u0105 konsumenta przed up\u0142ywem terminu do odst\u0105pienia od umowy.<\/p><\/div><\/div><\/div> \t\t\t\t<\/div>\n\t\t\t\t<\/div>\n\t\t<div class=\"elementor-element elementor-element-589fbb5 e-con-full e-flex e-con e-child\" data-id=\"589fbb5\" data-element_type=\"container\" data-e-type=\"container\">\n\t\t\t\t<div class=\"elementor-element elementor-element-95dd634 elementor-widget__width-initial elementor-widget elementor-widget-heading\" data-id=\"95dd634\" data-element_type=\"widget\" data-e-type=\"widget\" data-widget_type=\"heading.default\">\n\t\t\t\t\t<h2 class=\"elementor-heading-title elementor-size-default\">1. Prawo do odst\u0105pienia od umowy<\/h2>\t\t\t\t<\/div>\n\t\t\t\t<div class=\"elementor-element elementor-element-2447923 elementor-widget__width-initial elementor-widget elementor-widget-text-editor\" data-id=\"2447923\" data-element_type=\"widget\" data-e-type=\"widget\" data-widget_type=\"text-editor.default\">\n\t\t\t\t\t\t\t\t\tJako konsument masz prawo odst\u0105pi\u0107 od umowy zawartej na odleg\u0142o\u015b\u0107 w terminie 14 dni bez podania jakiejkolwiek przyczyny.\t\t\t\t\t\t\t\t<\/div>\n\t\t\t\t<div class=\"elementor-element elementor-element-2e9bd65 elementor-widget__width-initial elementor-widget elementor-widget-text-editor\" data-id=\"2e9bd65\" data-element_type=\"widget\" data-e-type=\"widget\" data-widget_type=\"text-editor.default\">\n\t\t\t\t\t\t\t\t\t<p><strong class=\"d9bk5gpg\">Wyj\u0105tek dla produkt\u00f3w cyfrowych:<\/strong> Prawo do odst\u0105pienia od umowy wygasa w momencie pobrania pliku cyfrowego. Sk\u0142adaj\u0105c zam\u00f3wienie na produkt cyfrowy i pobieraj\u0105c plik, wyra\u017casz zgod\u0119 na rozpocz\u0119cie \u015bwiadczenia przed up\u0142ywem terminu do odst\u0105pienia od umowy.<\/p>\t\t\t\t\t\t\t\t<\/div>\n\t\t\t\t<div class=\"elementor-element elementor-element-d74941c elementor-widget__width-initial elementor-widget elementor-widget-heading\" data-id=\"d74941c\" data-element_type=\"widget\" data-e-type=\"widget\" data-widget_type=\"heading.default\">\n\t\t\t\t\t<h2 class=\"elementor-heading-title elementor-size-default\">2. Kiedy mo\u017cliwy jest zwrot<\/h2>\t\t\t\t<\/div>\n\t\t\t\t<div class=\"elementor-element elementor-element-9f3a882 elementor-widget__width-initial elementor-widget elementor-widget-text-editor\" data-id=\"9f3a882\" data-element_type=\"widget\" data-e-type=\"widget\" data-widget_type=\"text-editor.default\">\n\t\t\t\t\t\t\t\t\tZwrot jest mo\u017cliwy w nast\u0119puj\u0105cych sytuacjach:\t\t\t\t\t\t\t\t<\/div>\n\t\t\t\t<div class=\"elementor-element elementor-element-3d546d1 elementor-widget__width-initial elementor-widget-mobile__width-initial elementor-widget elementor-widget-softlite_dynamic_list\" data-id=\"3d546d1\" data-element_type=\"widget\" data-e-type=\"widget\" data-widget_type=\"softlite_dynamic_list.default\">\n\t\t\t\t\t<div class=\"softlite-wrapper\"> <div class=\"pbb2b0p6 softlite-dynamic-list\" data-softlite-slider=\"{&quot;enable&quot;:false,&quot;swiperOptions&quot;:{&quot;breakpoints&quot;:{&quot;2400&quot;:{&quot;slidesPerView&quot;:null,&quot;slidesPerGroup&quot;:null,&quot;spaceBetween&quot;:&quot;&quot;},&quot;1366&quot;:{&quot;slidesPerView&quot;:null,&quot;slidesPerGroup&quot;:null,&quot;spaceBetween&quot;:&quot;&quot;},&quot;1200&quot;:{&quot;slidesPerView&quot;:null,&quot;slidesPerGroup&quot;:null,&quot;spaceBetween&quot;:&quot;&quot;},&quot;1024&quot;:{&quot;slidesPerView&quot;:null,&quot;slidesPerGroup&quot;:null,&quot;spaceBetween&quot;:&quot;&quot;},&quot;880&quot;:{&quot;slidesPerView&quot;:null,&quot;slidesPerGroup&quot;:null,&quot;spaceBetween&quot;:&quot;&quot;},&quot;767&quot;:{&quot;slidesPerView&quot;:null,&quot;slidesPerGroup&quot;:null,&quot;spaceBetween&quot;:&quot;&quot;},&quot;0&quot;:{&quot;slidesPerView&quot;:null,&quot;slidesPerGroup&quot;:null,&quot;spaceBetween&quot;:&quot;&quot;}}}}\"><li class=\"ejfyi2ib softlite-dynamic-list-item softlite-dynamic-list-item-inner softlite-dynamic-list-item-text-1\">Plik nie zosta\u0142 pobrany \u2013 w ci\u0105gu 14 dni od zakupu mo\u017cesz odst\u0105pi\u0107 od umowy<\/li><li class=\"ejfyi2ib softlite-dynamic-list-item softlite-dynamic-list-item-inner softlite-dynamic-list-item-text-1\">Produkt jest uszkodzony lub niekompletny \u2013 masz prawo do reklamacji<\/li><li class=\"ejfyi2ib softlite-dynamic-list-item softlite-dynamic-list-item-inner softlite-dynamic-list-item-text-1\">Produkt znacz\u0105co r\u00f3\u017cni si\u0119 od opisu \u2013 masz prawo do reklamacji<\/li><\/div> <\/div>\t\t\t\t<\/div>\n\t\t\t\t<div class=\"elementor-element elementor-element-26848cf elementor-widget__width-initial elementor-widget elementor-widget-heading\" data-id=\"26848cf\" data-element_type=\"widget\" data-e-type=\"widget\" data-widget_type=\"heading.default\">\n\t\t\t\t\t<h2 class=\"elementor-heading-title elementor-size-default\">3. Procedura zwrotu<\/h2>\t\t\t\t<\/div>\n\t\t\t\t<div class=\"elementor-element elementor-element-335e109 elementor-widget__width-initial elementor-widget elementor-widget-text-editor\" data-id=\"335e109\" data-element_type=\"widget\" data-e-type=\"widget\" data-widget_type=\"text-editor.default\">\n\t\t\t\t\t\t\t\t\tAby dokona\u0107 zwrotu (je\u015bli plik nie zosta\u0142 pobrany):\t\t\t\t\t\t\t\t<\/div>\n\t\t\t\t<div class=\"elementor-element elementor-element-7b8ce11 elementor-widget elementor-widget-softlite_dynamic_card_box\" data-id=\"7b8ce11\" data-element_type=\"widget\" data-e-type=\"widget\" data-widget_type=\"softlite_dynamic_card_box.default\">\n\t\t\t\t<div class=\"elementor-widget-container\">\n\t\t\t\t\t <ol class=\"softlite-dynamic-card-box n5t65lj7\"><li class=\"wwmfyyot softlite-dynamic-card-box-text-1\">Wy\u015blij email na adres: kontakt@ebookshop.pl z informacj\u0105 o ch\u0119ci odst\u0105pienia od umowy<\/li><li class=\"softlite-dynamic-card-box-text-2 wwmfyyot\">Podaj numer zam\u00f3wienia oraz dat\u0119 zakupu<\/li><li class=\"softlite-dynamic-card-box-text-3 wwmfyyot\">Po weryfikacji, \u017ce plik nie zosta\u0142 pobrany, dokonamy zwrotu \u015brodk\u00f3w<\/li><\/ol> \t\t\t\t<\/div>\n\t\t\t\t<\/div>\n\t\t\t\t<div class=\"elementor-element elementor-element-44017bf elementor-widget__width-initial elementor-widget elementor-widget-heading\" data-id=\"44017bf\" data-element_type=\"widget\" data-e-type=\"widget\" data-widget_type=\"heading.default\">\n\t\t\t\t\t<h2 class=\"elementor-heading-title elementor-size-default\">4. Reklamacje<\/h2>\t\t\t\t<\/div>\n\t\t\t\t<div class=\"elementor-element elementor-element-540d7ed elementor-widget__width-initial elementor-widget elementor-widget-text-editor\" data-id=\"540d7ed\" data-element_type=\"widget\" data-e-type=\"widget\" data-widget_type=\"text-editor.default\">\n\t\t\t\t\t\t\t\t\tJe\u015bli zakupiony produkt jest wadliwy, mo\u017cesz z\u0142o\u017cy\u0107 reklamacj\u0119. Reklamacja powinna zawiera\u0107:\t\t\t\t\t\t\t\t<\/div>\n\t\t\t\t<div class=\"elementor-element elementor-element-1c62e21 elementor-widget__width-initial elementor-widget-mobile__width-initial elementor-widget elementor-widget-softlite_dynamic_list\" data-id=\"1c62e21\" data-element_type=\"widget\" data-e-type=\"widget\" data-widget_type=\"softlite_dynamic_list.default\">\n\t\t\t\t\t<div class=\"softlite-wrapper\"> <div class=\"rpkdrogm softlite-dynamic-list\" data-softlite-slider=\"{&quot;enable&quot;:false,&quot;swiperOptions&quot;:{&quot;breakpoints&quot;:{&quot;2400&quot;:{&quot;slidesPerView&quot;:null,&quot;slidesPerGroup&quot;:null,&quot;spaceBetween&quot;:&quot;&quot;},&quot;1366&quot;:{&quot;slidesPerView&quot;:null,&quot;slidesPerGroup&quot;:null,&quot;spaceBetween&quot;:&quot;&quot;},&quot;1200&quot;:{&quot;slidesPerView&quot;:null,&quot;slidesPerGroup&quot;:null,&quot;spaceBetween&quot;:&quot;&quot;},&quot;1024&quot;:{&quot;slidesPerView&quot;:null,&quot;slidesPerGroup&quot;:null,&quot;spaceBetween&quot;:&quot;&quot;},&quot;880&quot;:{&quot;slidesPerView&quot;:null,&quot;slidesPerGroup&quot;:null,&quot;spaceBetween&quot;:&quot;&quot;},&quot;767&quot;:{&quot;slidesPerView&quot;:null,&quot;slidesPerGroup&quot;:null,&quot;spaceBetween&quot;:&quot;&quot;},&quot;0&quot;:{&quot;slidesPerView&quot;:null,&quot;slidesPerGroup&quot;:null,&quot;spaceBetween&quot;:&quot;&quot;}}}}\"><li class=\"z7qlicy7 softlite-dynamic-list-item softlite-dynamic-list-item-inner softlite-dynamic-list-item-text-1\">Opis problemu<\/li><li class=\"z7qlicy7 softlite-dynamic-list-item softlite-dynamic-list-item-inner softlite-dynamic-list-item-text-1\">Numer zam\u00f3wienia<\/li><li class=\"z7qlicy7 softlite-dynamic-list-item softlite-dynamic-list-item-inner softlite-dynamic-list-item-text-1\">Dat\u0119 zakupu<\/li><li class=\"z7qlicy7 softlite-dynamic-list-item softlite-dynamic-list-item-inner softlite-dynamic-list-item-text-1\">Twoje dane kontaktowe<\/li><\/div> <\/div>\t\t\t\t<\/div>\n\t\t\t\t<div class=\"elementor-element elementor-element-3b2cbf0 elementor-widget__width-initial elementor-widget elementor-widget-text-editor\" data-id=\"3b2cbf0\" data-element_type=\"widget\" data-e-type=\"widget\" data-widget_type=\"text-editor.default\">\n\t\t\t\t\t\t\t\t\tReklamacje rozpatrujemy w terminie 14 dni roboczych od daty otrzymania.\t\t\t\t\t\t\t\t<\/div>\n\t\t\t\t<div class=\"elementor-element elementor-element-431725a elementor-widget__width-initial elementor-widget elementor-widget-heading\" data-id=\"431725a\" data-element_type=\"widget\" data-e-type=\"widget\" data-widget_type=\"heading.default\">\n\t\t\t\t\t<h2 class=\"elementor-heading-title elementor-size-default\">5. Termin zwrotu \u015brodk\u00f3w<\/h2>\t\t\t\t<\/div>\n\t\t\t\t<div class=\"elementor-element elementor-element-5eaab22 elementor-widget__width-initial elementor-widget elementor-widget-text-editor\" data-id=\"5eaab22\" data-element_type=\"widget\" data-e-type=\"widget\" data-widget_type=\"text-editor.default\">\n\t\t\t\t\t\t\t\t\tW przypadku pozytywnego rozpatrzenia zwrotu lub reklamacji, \u015brodki zostan\u0105 zwr\u00f3cone w terminie do 14 dni na rachunek, z kt\u00f3rego dokonano p\u0142atno\u015bci.\t\t\t\t\t\t\t\t<\/div>\n\t\t\t\t<div class=\"elementor-element elementor-element-d13cc79 elementor-widget__width-initial elementor-widget elementor-widget-heading\" data-id=\"d13cc79\" data-element_type=\"widget\" data-e-type=\"widget\" data-widget_type=\"heading.default\">\n\t\t\t\t\t<h2 class=\"elementor-heading-title elementor-size-default\">6. Kontakt<\/h2>\t\t\t\t<\/div>\n\t\t\t\t<div class=\"elementor-element elementor-element-e904acd elementor-widget__width-initial elementor-widget elementor-widget-text-editor\" data-id=\"e904acd\" data-element_type=\"widget\" data-e-type=\"widget\" data-widget_type=\"text-editor.default\">\n\t\t\t\t\t\t\t\t\t<p>W sprawach zwrot\u00f3w i reklamacji prosimy o kontakt:<br>Email: kontakt@gerart.online<br><br>Odpowiadamy w ci\u0105gu 24 godzin roboczych.<\/p>\t\t\t\t\t\t\t\t<\/div>\n\t\t\t\t<div class=\"elementor-element elementor-element-febe4a1 elementor-widget__width-initial elementor-widget elementor-widget-heading\" data-id=\"febe4a1\" data-element_type=\"widget\" data-e-type=\"widget\" data-widget_type=\"heading.default\">\n\t\t\t\t\t<h2 class=\"elementor-heading-title elementor-size-default\">7. Podstawa prawna<\/h2>\t\t\t\t<\/div>\n\t\t\t\t<div class=\"elementor-element elementor-element-e45d1c6 elementor-widget__width-initial elementor-widget elementor-widget-text-editor\" data-id=\"e45d1c6\" data-element_type=\"widget\" data-e-type=\"widget\" data-widget_type=\"text-editor.default\">\n\t\t\t\t\t\t\t\t\tNiniejsza polityka zwrot\u00f3w jest zgodna z:\t\t\t\t\t\t\t\t<\/div>\n\t\t\t\t<div class=\"elementor-element elementor-element-9f8fe2f elementor-widget__width-initial elementor-widget-mobile__width-initial elementor-widget elementor-widget-softlite_dynamic_list\" data-id=\"9f8fe2f\" data-element_type=\"widget\" data-e-type=\"widget\" data-widget_type=\"softlite_dynamic_list.default\">\n\t\t\t\t\t<div class=\"softlite-wrapper\"> <div class=\"y704iipq softlite-dynamic-list\" data-softlite-slider=\"{&quot;enable&quot;:false,&quot;swiperOptions&quot;:{&quot;breakpoints&quot;:{&quot;2400&quot;:{&quot;slidesPerView&quot;:null,&quot;slidesPerGroup&quot;:null,&quot;spaceBetween&quot;:&quot;&quot;},&quot;1366&quot;:{&quot;slidesPerView&quot;:null,&quot;slidesPerGroup&quot;:null,&quot;spaceBetween&quot;:&quot;&quot;},&quot;1200&quot;:{&quot;slidesPerView&quot;:null,&quot;slidesPerGroup&quot;:null,&quot;spaceBetween&quot;:&quot;&quot;},&quot;1024&quot;:{&quot;slidesPerView&quot;:null,&quot;slidesPerGroup&quot;:null,&quot;spaceBetween&quot;:&quot;&quot;},&quot;880&quot;:{&quot;slidesPerView&quot;:null,&quot;slidesPerGroup&quot;:null,&quot;spaceBetween&quot;:&quot;&quot;},&quot;767&quot;:{&quot;slidesPerView&quot;:null,&quot;slidesPerGroup&quot;:null,&quot;spaceBetween&quot;:&quot;&quot;},&quot;0&quot;:{&quot;slidesPerView&quot;:null,&quot;slidesPerGroup&quot;:null,&quot;spaceBetween&quot;:&quot;&quot;}}}}\"><li class=\"giolpldf softlite-dynamic-list-item softlite-dynamic-list-item-inner softlite-dynamic-list-item-text-1\">Ustaw\u0105 z dnia 30 maja 2014 r. o prawach konsumenta<\/li><li class=\"giolpldf softlite-dynamic-list-item softlite-dynamic-list-item-inner softlite-dynamic-list-item-text-1\">Kodeksem cywilnym<\/li><li class=\"giolpldf softlite-dynamic-list-item softlite-dynamic-list-item-inner softlite-dynamic-list-item-text-1\">Rozporz\u0105dzeniem Parlamentu Europejskiego i Rady (UE) 2016\/679 (RODO)<\/li><\/div> <\/div>\t\t\t\t<\/div>\n\t\t\t\t<\/div>\n\t\t\t\t<\/div>\n\t\t\t\t<\/div>\n\t\t\t\t<\/div>\n\t\t\t\t<\/div>\n\t\t\t\t<\/div>\n\t\t\t\t<\/div>\n\t\t<div class=\"elementor-element elementor-element-7634509 e-con-full e-flex e-con e-child\" data-id=\"7634509\" data-element_type=\"container\" data-e-type=\"container\" data-settings=\"{&quot;background_background&quot;:&quot;classic&quot;}\">\n\t\t\t\t<\/div>\n\t\t<div class=\"elementor-element elementor-element-f3083de e-con-full e-flex e-con e-child\" data-id=\"f3083de\" data-element_type=\"container\" data-e-type=\"container\" data-settings=\"{&quot;background_background&quot;:&quot;classic&quot;}\">\n\t\t\t\t<\/div>\n\t\t\t\t<\/div>\n\t\t\t\t<\/div>","protected":false},"excerpt":{"rendered":"<p>Zwroty i reklamacje Informacje o prawach konsumenta i procedurze zwrot\u00f3w Wa\u017cna informacja o produktach cyfrowych Zgodnie z ustaw\u0105 o prawach konsumenta (art. 38 pkt 13), prawo do odst\u0105pienia od umowy zawartej na odleg\u0142o\u015b\u0107 nie przys\u0142uguje konsumentowi w przypadku um\u00f3w o dostarczanie tre\u015bci cyfrowych, je\u017celi spe\u0142nianie \u015bwiadczenia rozpocz\u0119\u0142o si\u0119 za wyra\u017an\u0105 zgod\u0105 konsumenta przed up\u0142ywem terminu [&hellip;]<\/p>","protected":false},"author":1,"featured_media":0,"parent":0,"menu_order":0,"comment_status":"closed","ping_status":"closed","template":"","meta":{"footnotes":""},"class_list":["post-392","page","type-page","status-publish","hentry"],"_links":{"self":[{"href":"https:\/\/gerart.online\/en\/wp-json\/wp\/v2\/pages\/392","targetHints":{"allow":["GET"]}}],"collection":[{"href":"https:\/\/gerart.online\/en\/wp-json\/wp\/v2\/pages"}],"about":[{"href":"https:\/\/gerart.online\/en\/wp-json\/wp\/v2\/types\/page"}],"author":[{"embeddable":true,"href":"https:\/\/gerart.online\/en\/wp-json\/wp\/v2\/users\/1"}],"replies":[{"embeddable":true,"href":"https:\/\/gerart.online\/en\/wp-json\/wp\/v2\/comments?post=392"}],"version-history":[{"count":7,"href":"https:\/\/gerart.online\/en\/wp-json\/wp\/v2\/pages\/392\/revisions"}],"predecessor-version":[{"id":413,"href":"https:\/\/gerart.online\/en\/wp-json\/wp\/v2\/pages\/392\/revisions\/413"}],"wp:attachment":[{"href":"https:\/\/gerart.online\/en\/wp-json\/wp\/v2\/media?parent=392"}],"curies":[{"name":"wp","href":"https:\/\/api.w.org\/{rel}","templated":true}]}}