{"id":384,"date":"2026-01-25T02:44:30","date_gmt":"2026-01-25T02:44:30","guid":{"rendered":"https:\/\/gerart.online\/?page_id=384"},"modified":"2026-02-01T12:47:41","modified_gmt":"2026-02-01T12:47:41","slug":"polityka-prywatnosci","status":"publish","type":"page","link":"https:\/\/gerart.online\/en\/polityka-prywatnosci\/","title":{"rendered":"Polityka prywatno\u015bci"},"content":{"rendered":"<div data-elementor-type=\"wp-page\" data-elementor-id=\"384\" class=\"elementor elementor-384\" data-elementor-post-type=\"page\">\n\t\t\t\t<div class=\"elementor-element elementor-element-60dedd4 e-con-full e-flex e-con e-parent\" data-id=\"60dedd4\" data-element_type=\"container\" data-e-type=\"container\" data-settings=\"{&quot;background_background&quot;:&quot;classic&quot;}\">\n\t\t<div class=\"elementor-element elementor-element-75ca5fb e-con-full e-flex e-con e-child\" data-id=\"75ca5fb\" data-element_type=\"container\" data-e-type=\"container\">\n\t\t<div class=\"elementor-element elementor-element-35794ed e-con-full e-flex e-con e-child\" data-id=\"35794ed\" data-element_type=\"container\" data-e-type=\"container\">\n\t\t<div class=\"elementor-element elementor-element-81a4fe3 e-con-full e-flex e-con e-child\" data-id=\"81a4fe3\" data-element_type=\"container\" data-e-type=\"container\">\n\t\t\t\t<div class=\"elementor-element elementor-element-86d6028 elementor-widget elementor-widget-softlite_dynamic_card_box\" data-id=\"86d6028\" data-element_type=\"widget\" data-e-type=\"widget\" data-widget_type=\"softlite_dynamic_card_box.default\">\n\t\t\t\t<div class=\"elementor-widget-container\">\n\t\t\t\t\t <section class=\"softlite-dynamic-card-box xywjihbl softlite-dynamic-card-box-background-color-1\"><div class=\"bylbl9en\"><h1 class=\"ilov5jj4 softlite-dynamic-card-box-text-1\">Polityka prywatno\u015bci<\/h1><p class=\"fjgl493s softlite-dynamic-card-box-text-2\">Ostatnia aktualizacja: 24.01.2026<\/p><\/div><\/section> \t\t\t\t<\/div>\n\t\t\t\t<\/div>\n\t\t<div class=\"elementor-element elementor-element-2f3b656 e-con-full e-flex e-con e-child\" data-id=\"2f3b656\" data-element_type=\"container\" data-e-type=\"container\">\n\t\t<div class=\"elementor-element elementor-element-276f0d0 e-con-full e-flex e-con e-child\" data-id=\"276f0d0\" data-element_type=\"container\" data-e-type=\"container\">\n\t\t<div class=\"elementor-element elementor-element-75cfe90 e-con-full e-flex e-con e-child\" data-id=\"75cfe90\" data-element_type=\"container\" data-e-type=\"container\">\n\t\t\t\t<div class=\"elementor-element elementor-element-5d13500 elementor-widget__width-initial elementor-widget elementor-widget-heading\" data-id=\"5d13500\" data-element_type=\"widget\" data-e-type=\"widget\" data-widget_type=\"heading.default\">\n\t\t\t\t\t<h2 class=\"elementor-heading-title elementor-size-default\">1. Administrator danych osobowych<\/h2>\t\t\t\t<\/div>\n\t\t\t\t<div class=\"elementor-element elementor-element-7cad2b3 elementor-widget__width-initial elementor-widget elementor-widget-text-editor\" data-id=\"7cad2b3\" data-element_type=\"widget\" data-e-type=\"widget\" data-widget_type=\"text-editor.default\">\n\t\t\t\t\t\t\t\t\t<p><strong>GERART LIMITED<\/strong><br \/>Numer rejestracyjny: <strong>16857407<\/strong><\/p><p>Unit 13 Freeland Park Wareham Road, Lytchett Matravers, Poole, England, BH16 6FA<\/p><p>mail: admin@gerart.digital<\/p>\t\t\t\t\t\t\t\t<\/div>\n\t\t\t\t<div class=\"elementor-element elementor-element-9301d0e elementor-widget__width-initial elementor-widget elementor-widget-heading\" data-id=\"9301d0e\" data-element_type=\"widget\" data-e-type=\"widget\" data-widget_type=\"heading.default\">\n\t\t\t\t\t<h2 class=\"elementor-heading-title elementor-size-default\">2. Jakie dane zbieramy<\/h2>\t\t\t\t<\/div>\n\t\t\t\t<div class=\"elementor-element elementor-element-7468c29 elementor-widget__width-initial elementor-widget elementor-widget-text-editor\" data-id=\"7468c29\" data-element_type=\"widget\" data-e-type=\"widget\" data-widget_type=\"text-editor.default\">\n\t\t\t\t\t\t\t\t\tW ramach dzia\u0142alno\u015bci sklepu zbieramy nast\u0119puj\u0105ce dane:\t\t\t\t\t\t\t\t<\/div>\n\t\t\t\t<div class=\"elementor-element elementor-element-d2e4bbe elementor-widget__width-initial elementor-widget-mobile__width-initial elementor-widget elementor-widget-softlite_dynamic_list\" data-id=\"d2e4bbe\" data-element_type=\"widget\" data-e-type=\"widget\" data-widget_type=\"softlite_dynamic_list.default\">\n\t\t\t\t\t<div class=\"softlite-wrapper\"> <div class=\"smwifap2 softlite-dynamic-list\" data-softlite-slider=\"{&quot;enable&quot;:false,&quot;swiperOptions&quot;:{&quot;breakpoints&quot;:{&quot;2400&quot;:{&quot;slidesPerView&quot;:null,&quot;slidesPerGroup&quot;:null,&quot;spaceBetween&quot;:&quot;&quot;},&quot;1366&quot;:{&quot;slidesPerView&quot;:null,&quot;slidesPerGroup&quot;:null,&quot;spaceBetween&quot;:&quot;&quot;},&quot;1200&quot;:{&quot;slidesPerView&quot;:null,&quot;slidesPerGroup&quot;:null,&quot;spaceBetween&quot;:&quot;&quot;},&quot;1024&quot;:{&quot;slidesPerView&quot;:null,&quot;slidesPerGroup&quot;:null,&quot;spaceBetween&quot;:&quot;&quot;},&quot;880&quot;:{&quot;slidesPerView&quot;:null,&quot;slidesPerGroup&quot;:null,&quot;spaceBetween&quot;:&quot;&quot;},&quot;767&quot;:{&quot;slidesPerView&quot;:null,&quot;slidesPerGroup&quot;:null,&quot;spaceBetween&quot;:&quot;&quot;},&quot;0&quot;:{&quot;slidesPerView&quot;:null,&quot;slidesPerGroup&quot;:null,&quot;spaceBetween&quot;:&quot;&quot;}}}}\"><li class=\"bqnd9054 softlite-dynamic-list-item softlite-dynamic-list-item-inner softlite-dynamic-list-item-text-1\">Imi\u0119 i nazwisko<\/li><li class=\"bqnd9054 softlite-dynamic-list-item softlite-dynamic-list-item-inner softlite-dynamic-list-item-text-1\">Adres email<\/li><li class=\"bqnd9054 softlite-dynamic-list-item softlite-dynamic-list-item-inner softlite-dynamic-list-item-text-1\">Dane dotycz\u0105ce transakcji<\/li><li class=\"bqnd9054 softlite-dynamic-list-item softlite-dynamic-list-item-inner softlite-dynamic-list-item-text-1\">Adres IP<\/li><li class=\"bqnd9054 softlite-dynamic-list-item softlite-dynamic-list-item-inner softlite-dynamic-list-item-text-1\">Dane dotycz\u0105ce aktywno\u015bci w sklepie<\/li><\/div> <\/div>\t\t\t\t<\/div>\n\t\t\t\t<div class=\"elementor-element elementor-element-5c4145d elementor-widget__width-initial elementor-widget elementor-widget-heading\" data-id=\"5c4145d\" data-element_type=\"widget\" data-e-type=\"widget\" data-widget_type=\"heading.default\">\n\t\t\t\t\t<h2 class=\"elementor-heading-title elementor-size-default\">3. Cel przetwarzania danych<\/h2>\t\t\t\t<\/div>\n\t\t\t\t<div class=\"elementor-element elementor-element-8f21aee elementor-widget__width-initial elementor-widget elementor-widget-text-editor\" data-id=\"8f21aee\" data-element_type=\"widget\" data-e-type=\"widget\" data-widget_type=\"text-editor.default\">\n\t\t\t\t\t\t\t\t\tTwoje dane osobowe przetwarzamy w celu:\t\t\t\t\t\t\t\t<\/div>\n\t\t\t\t<div class=\"elementor-element elementor-element-f344c07 elementor-widget__width-initial elementor-widget-mobile__width-initial elementor-widget elementor-widget-softlite_dynamic_list\" data-id=\"f344c07\" data-element_type=\"widget\" data-e-type=\"widget\" data-widget_type=\"softlite_dynamic_list.default\">\n\t\t\t\t\t<div class=\"softlite-wrapper\"> <div class=\"os5bkg5x softlite-dynamic-list\" data-softlite-slider=\"{&quot;enable&quot;:false,&quot;swiperOptions&quot;:{&quot;breakpoints&quot;:{&quot;2400&quot;:{&quot;slidesPerView&quot;:null,&quot;slidesPerGroup&quot;:null,&quot;spaceBetween&quot;:&quot;&quot;},&quot;1366&quot;:{&quot;slidesPerView&quot;:null,&quot;slidesPerGroup&quot;:null,&quot;spaceBetween&quot;:&quot;&quot;},&quot;1200&quot;:{&quot;slidesPerView&quot;:null,&quot;slidesPerGroup&quot;:null,&quot;spaceBetween&quot;:&quot;&quot;},&quot;1024&quot;:{&quot;slidesPerView&quot;:null,&quot;slidesPerGroup&quot;:null,&quot;spaceBetween&quot;:&quot;&quot;},&quot;880&quot;:{&quot;slidesPerView&quot;:null,&quot;slidesPerGroup&quot;:null,&quot;spaceBetween&quot;:&quot;&quot;},&quot;767&quot;:{&quot;slidesPerView&quot;:null,&quot;slidesPerGroup&quot;:null,&quot;spaceBetween&quot;:&quot;&quot;},&quot;0&quot;:{&quot;slidesPerView&quot;:null,&quot;slidesPerGroup&quot;:null,&quot;spaceBetween&quot;:&quot;&quot;}}}}\"><li class=\"vdt9u0lr softlite-dynamic-list-item softlite-dynamic-list-item-inner softlite-dynamic-list-item-text-1\">Realizacji zam\u00f3wie\u0144<\/li><li class=\"vdt9u0lr softlite-dynamic-list-item softlite-dynamic-list-item-inner softlite-dynamic-list-item-text-1\">Obs\u0142ugi p\u0142atno\u015bci<\/li><li class=\"vdt9u0lr softlite-dynamic-list-item softlite-dynamic-list-item-inner softlite-dynamic-list-item-text-1\">Dostarczenia produkt\u00f3w cyfrowych<\/li><li class=\"vdt9u0lr softlite-dynamic-list-item softlite-dynamic-list-item-inner softlite-dynamic-list-item-text-1\">Obs\u0142ugi reklamacji i zwrot\u00f3w<\/li><li class=\"vdt9u0lr softlite-dynamic-list-item softlite-dynamic-list-item-inner softlite-dynamic-list-item-text-1\">Kontaktu w sprawach zwi\u0105zanych z zam\u00f3wieniem<\/li><li class=\"vdt9u0lr softlite-dynamic-list-item softlite-dynamic-list-item-inner softlite-dynamic-list-item-text-1\">Wype\u0142nienia obowi\u0105zk\u00f3w prawnych (np. podatkowych)<\/li><\/div> <\/div>\t\t\t\t<\/div>\n\t\t\t\t<div class=\"elementor-element elementor-element-a84c536 elementor-widget__width-initial elementor-widget elementor-widget-heading\" data-id=\"a84c536\" data-element_type=\"widget\" data-e-type=\"widget\" data-widget_type=\"heading.default\">\n\t\t\t\t\t<h2 class=\"elementor-heading-title elementor-size-default\">4. Podstawa prawna przetwarzania<\/h2>\t\t\t\t<\/div>\n\t\t\t\t<div class=\"elementor-element elementor-element-dc465e9 elementor-widget__width-initial elementor-widget elementor-widget-text-editor\" data-id=\"dc465e9\" data-element_type=\"widget\" data-e-type=\"widget\" data-widget_type=\"text-editor.default\">\n\t\t\t\t\t\t\t\t\tPrzetwarzanie danych odbywa si\u0119 na podstawie:\t\t\t\t\t\t\t\t<\/div>\n\t\t\t\t<div class=\"elementor-element elementor-element-87a242e elementor-widget__width-initial elementor-widget-mobile__width-initial elementor-widget elementor-widget-softlite_dynamic_list\" data-id=\"87a242e\" data-element_type=\"widget\" data-e-type=\"widget\" data-widget_type=\"softlite_dynamic_list.default\">\n\t\t\t\t\t<div class=\"softlite-wrapper\"> <div class=\"kafjuxgp softlite-dynamic-list\" data-softlite-slider=\"{&quot;enable&quot;:false,&quot;swiperOptions&quot;:{&quot;breakpoints&quot;:{&quot;2400&quot;:{&quot;slidesPerView&quot;:null,&quot;slidesPerGroup&quot;:null,&quot;spaceBetween&quot;:&quot;&quot;},&quot;1366&quot;:{&quot;slidesPerView&quot;:null,&quot;slidesPerGroup&quot;:null,&quot;spaceBetween&quot;:&quot;&quot;},&quot;1200&quot;:{&quot;slidesPerView&quot;:null,&quot;slidesPerGroup&quot;:null,&quot;spaceBetween&quot;:&quot;&quot;},&quot;1024&quot;:{&quot;slidesPerView&quot;:null,&quot;slidesPerGroup&quot;:null,&quot;spaceBetween&quot;:&quot;&quot;},&quot;880&quot;:{&quot;slidesPerView&quot;:null,&quot;slidesPerGroup&quot;:null,&quot;spaceBetween&quot;:&quot;&quot;},&quot;767&quot;:{&quot;slidesPerView&quot;:null,&quot;slidesPerGroup&quot;:null,&quot;spaceBetween&quot;:&quot;&quot;},&quot;0&quot;:{&quot;slidesPerView&quot;:null,&quot;slidesPerGroup&quot;:null,&quot;spaceBetween&quot;:&quot;&quot;}}}}\"><li class=\"b0r69ggw softlite-dynamic-list-item softlite-dynamic-list-item-inner softlite-dynamic-list-item-text-1\">Art. 6 ust. 1 lit. b RODO \u2013 wykonanie umowy<\/li><li class=\"b0r69ggw softlite-dynamic-list-item softlite-dynamic-list-item-inner softlite-dynamic-list-item-text-1\">Art. 6 ust. 1 lit. c RODO \u2013 obowi\u0105zek prawny<\/li><li class=\"b0r69ggw softlite-dynamic-list-item softlite-dynamic-list-item-inner softlite-dynamic-list-item-text-1\">Art. 6 ust. 1 lit. f RODO \u2013 uzasadniony interes administratora<\/li><\/div> <\/div>\t\t\t\t<\/div>\n\t\t\t\t<div class=\"elementor-element elementor-element-be39b63 elementor-widget__width-initial elementor-widget elementor-widget-heading\" data-id=\"be39b63\" data-element_type=\"widget\" data-e-type=\"widget\" data-widget_type=\"heading.default\">\n\t\t\t\t\t<h2 class=\"elementor-heading-title elementor-size-default\">5. Okres przechowywania danych<\/h2>\t\t\t\t<\/div>\n\t\t\t\t<div class=\"elementor-element elementor-element-026f2c6 elementor-widget__width-initial elementor-widget elementor-widget-text-editor\" data-id=\"026f2c6\" data-element_type=\"widget\" data-e-type=\"widget\" data-widget_type=\"text-editor.default\">\n\t\t\t\t\t\t\t\t\tDane osobowe przechowujemy przez okres niezb\u0119dny do realizacji cel\u00f3w, dla kt\u00f3rych zosta\u0142y zebrane:\t\t\t\t\t\t\t\t<\/div>\n\t\t\t\t<div class=\"elementor-element elementor-element-e6164ac elementor-widget__width-initial elementor-widget-mobile__width-initial elementor-widget elementor-widget-softlite_dynamic_list\" data-id=\"e6164ac\" data-element_type=\"widget\" data-e-type=\"widget\" data-widget_type=\"softlite_dynamic_list.default\">\n\t\t\t\t\t<div class=\"softlite-wrapper\"> <div class=\"oi5gu10g softlite-dynamic-list\" data-softlite-slider=\"{&quot;enable&quot;:false,&quot;swiperOptions&quot;:{&quot;breakpoints&quot;:{&quot;2400&quot;:{&quot;slidesPerView&quot;:null,&quot;slidesPerGroup&quot;:null,&quot;spaceBetween&quot;:&quot;&quot;},&quot;1366&quot;:{&quot;slidesPerView&quot;:null,&quot;slidesPerGroup&quot;:null,&quot;spaceBetween&quot;:&quot;&quot;},&quot;1200&quot;:{&quot;slidesPerView&quot;:null,&quot;slidesPerGroup&quot;:null,&quot;spaceBetween&quot;:&quot;&quot;},&quot;1024&quot;:{&quot;slidesPerView&quot;:null,&quot;slidesPerGroup&quot;:null,&quot;spaceBetween&quot;:&quot;&quot;},&quot;880&quot;:{&quot;slidesPerView&quot;:null,&quot;slidesPerGroup&quot;:null,&quot;spaceBetween&quot;:&quot;&quot;},&quot;767&quot;:{&quot;slidesPerView&quot;:null,&quot;slidesPerGroup&quot;:null,&quot;spaceBetween&quot;:&quot;&quot;},&quot;0&quot;:{&quot;slidesPerView&quot;:null,&quot;slidesPerGroup&quot;:null,&quot;spaceBetween&quot;:&quot;&quot;}}}}\"><li class=\"xswq5b0w softlite-dynamic-list-item softlite-dynamic-list-item-inner softlite-dynamic-list-item-text-1\">Dane transakcyjne \u2013 5 lat (obowi\u0105zek podatkowy)<\/li><li class=\"xswq5b0w softlite-dynamic-list-item softlite-dynamic-list-item-inner softlite-dynamic-list-item-text-1\">Dane kontaktowe \u2013 do czasu wycofania zgody<\/li><li class=\"xswq5b0w softlite-dynamic-list-item softlite-dynamic-list-item-inner softlite-dynamic-list-item-text-1\">Dane zwi\u0105zane z reklamacjami \u2013 3 lata od zako\u0144czenia post\u0119powania<\/li><\/div> <\/div>\t\t\t\t<\/div>\n\t\t\t\t<div class=\"elementor-element elementor-element-c3f1f8c elementor-widget__width-initial elementor-widget elementor-widget-heading\" data-id=\"c3f1f8c\" data-element_type=\"widget\" data-e-type=\"widget\" data-widget_type=\"heading.default\">\n\t\t\t\t\t<h2 class=\"elementor-heading-title elementor-size-default\">6. Prawa u\u017cytkownika<\/h2>\t\t\t\t<\/div>\n\t\t\t\t<div class=\"elementor-element elementor-element-6fe443c elementor-widget__width-initial elementor-widget elementor-widget-text-editor\" data-id=\"6fe443c\" data-element_type=\"widget\" data-e-type=\"widget\" data-widget_type=\"text-editor.default\">\n\t\t\t\t\t\t\t\t\tPrzys\u0142uguje Ci prawo do:\t\t\t\t\t\t\t\t<\/div>\n\t\t\t\t<div class=\"elementor-element elementor-element-b2bed3f elementor-widget__width-initial elementor-widget-mobile__width-initial elementor-widget elementor-widget-softlite_dynamic_list\" data-id=\"b2bed3f\" data-element_type=\"widget\" data-e-type=\"widget\" data-widget_type=\"softlite_dynamic_list.default\">\n\t\t\t\t\t<div class=\"softlite-wrapper\"> <div class=\"q093lmja softlite-dynamic-list\" data-softlite-slider=\"{&quot;enable&quot;:false,&quot;swiperOptions&quot;:{&quot;breakpoints&quot;:{&quot;2400&quot;:{&quot;slidesPerView&quot;:null,&quot;slidesPerGroup&quot;:null,&quot;spaceBetween&quot;:&quot;&quot;},&quot;1366&quot;:{&quot;slidesPerView&quot;:null,&quot;slidesPerGroup&quot;:null,&quot;spaceBetween&quot;:&quot;&quot;},&quot;1200&quot;:{&quot;slidesPerView&quot;:null,&quot;slidesPerGroup&quot;:null,&quot;spaceBetween&quot;:&quot;&quot;},&quot;1024&quot;:{&quot;slidesPerView&quot;:null,&quot;slidesPerGroup&quot;:null,&quot;spaceBetween&quot;:&quot;&quot;},&quot;880&quot;:{&quot;slidesPerView&quot;:null,&quot;slidesPerGroup&quot;:null,&quot;spaceBetween&quot;:&quot;&quot;},&quot;767&quot;:{&quot;slidesPerView&quot;:null,&quot;slidesPerGroup&quot;:null,&quot;spaceBetween&quot;:&quot;&quot;},&quot;0&quot;:{&quot;slidesPerView&quot;:null,&quot;slidesPerGroup&quot;:null,&quot;spaceBetween&quot;:&quot;&quot;}}}}\"><li class=\"l4wfzty8 softlite-dynamic-list-item softlite-dynamic-list-item-inner softlite-dynamic-list-item-text-1\">Dost\u0119pu do swoich danych<\/li><li class=\"l4wfzty8 softlite-dynamic-list-item softlite-dynamic-list-item-inner softlite-dynamic-list-item-text-1\">Sprostowania danych<\/li><li class=\"l4wfzty8 softlite-dynamic-list-item softlite-dynamic-list-item-inner softlite-dynamic-list-item-text-1\">Usuni\u0119cia danych (\u201eprawo do bycia zapomnianym&quot;)<\/li><li class=\"l4wfzty8 softlite-dynamic-list-item softlite-dynamic-list-item-inner softlite-dynamic-list-item-text-1\">Ograniczenia przetwarzania<\/li><li class=\"l4wfzty8 softlite-dynamic-list-item softlite-dynamic-list-item-inner softlite-dynamic-list-item-text-1\">Przenoszenia danych<\/li><li class=\"l4wfzty8 softlite-dynamic-list-item softlite-dynamic-list-item-inner softlite-dynamic-list-item-text-1\">Sprzeciwu wobec przetwarzania<\/li><li class=\"l4wfzty8 softlite-dynamic-list-item softlite-dynamic-list-item-inner softlite-dynamic-list-item-text-1\">Wniesienia skargi do organu nadzorczego (UODO)<\/li><\/div> <\/div>\t\t\t\t<\/div>\n\t\t\t\t<div class=\"elementor-element elementor-element-d027ce9 elementor-widget__width-initial elementor-widget elementor-widget-heading\" data-id=\"d027ce9\" data-element_type=\"widget\" data-e-type=\"widget\" data-widget_type=\"heading.default\">\n\t\t\t\t\t<h2 class=\"elementor-heading-title elementor-size-default\">7. Odbiorcy danych<\/h2>\t\t\t\t<\/div>\n\t\t\t\t<div class=\"elementor-element elementor-element-931c1ad elementor-widget__width-initial elementor-widget elementor-widget-text-editor\" data-id=\"931c1ad\" data-element_type=\"widget\" data-e-type=\"widget\" data-widget_type=\"text-editor.default\">\n\t\t\t\t\t\t\t\t\tTwoje dane mog\u0105 by\u0107 przekazywane:\t\t\t\t\t\t\t\t<\/div>\n\t\t\t\t<div class=\"elementor-element elementor-element-c408c00 elementor-widget__width-initial elementor-widget-mobile__width-initial elementor-widget elementor-widget-softlite_dynamic_list\" data-id=\"c408c00\" data-element_type=\"widget\" data-e-type=\"widget\" data-widget_type=\"softlite_dynamic_list.default\">\n\t\t\t\t\t<div class=\"softlite-wrapper\"> <div class=\"wie978kn softlite-dynamic-list\" data-softlite-slider=\"{&quot;enable&quot;:false,&quot;swiperOptions&quot;:{&quot;breakpoints&quot;:{&quot;2400&quot;:{&quot;slidesPerView&quot;:null,&quot;slidesPerGroup&quot;:null,&quot;spaceBetween&quot;:&quot;&quot;},&quot;1366&quot;:{&quot;slidesPerView&quot;:null,&quot;slidesPerGroup&quot;:null,&quot;spaceBetween&quot;:&quot;&quot;},&quot;1200&quot;:{&quot;slidesPerView&quot;:null,&quot;slidesPerGroup&quot;:null,&quot;spaceBetween&quot;:&quot;&quot;},&quot;1024&quot;:{&quot;slidesPerView&quot;:null,&quot;slidesPerGroup&quot;:null,&quot;spaceBetween&quot;:&quot;&quot;},&quot;880&quot;:{&quot;slidesPerView&quot;:null,&quot;slidesPerGroup&quot;:null,&quot;spaceBetween&quot;:&quot;&quot;},&quot;767&quot;:{&quot;slidesPerView&quot;:null,&quot;slidesPerGroup&quot;:null,&quot;spaceBetween&quot;:&quot;&quot;},&quot;0&quot;:{&quot;slidesPerView&quot;:null,&quot;slidesPerGroup&quot;:null,&quot;spaceBetween&quot;:&quot;&quot;}}}}\"><li class=\"xx61gop9 softlite-dynamic-list-item softlite-dynamic-list-item-inner softlite-dynamic-list-item-text-1\">Operatorom p\u0142atno\u015bci<\/li><li class=\"xx61gop9 softlite-dynamic-list-item softlite-dynamic-list-item-inner softlite-dynamic-list-item-text-1\">Dostawcom us\u0142ug hostingowych<\/li><li class=\"xx61gop9 softlite-dynamic-list-item softlite-dynamic-list-item-inner softlite-dynamic-list-item-text-1\">Dostawcom us\u0142ug email<\/li><li class=\"xx61gop9 softlite-dynamic-list-item softlite-dynamic-list-item-inner softlite-dynamic-list-item-text-1\">Organom pa\u0144stwowym (na podstawie przepis\u00f3w prawa)<\/li><\/div> <\/div>\t\t\t\t<\/div>\n\t\t\t\t<div class=\"elementor-element elementor-element-1b58743 elementor-widget__width-initial elementor-widget elementor-widget-heading\" data-id=\"1b58743\" data-element_type=\"widget\" data-e-type=\"widget\" data-widget_type=\"heading.default\">\n\t\t\t\t\t<h2 class=\"elementor-heading-title elementor-size-default\">8. Pliki cookies<\/h2>\t\t\t\t<\/div>\n\t\t\t\t<div class=\"elementor-element elementor-element-440927d elementor-widget__width-initial elementor-widget elementor-widget-text-editor\" data-id=\"440927d\" data-element_type=\"widget\" data-e-type=\"widget\" data-widget_type=\"text-editor.default\">\n\t\t\t\t\t\t\t\t\tStrona wykorzystuje pliki cookies w celu:\t\t\t\t\t\t\t\t<\/div>\n\t\t\t\t<div class=\"elementor-element elementor-element-9700c33 elementor-widget__width-initial elementor-widget-mobile__width-initial elementor-widget elementor-widget-softlite_dynamic_list\" data-id=\"9700c33\" data-element_type=\"widget\" data-e-type=\"widget\" data-widget_type=\"softlite_dynamic_list.default\">\n\t\t\t\t\t<div class=\"softlite-wrapper\"> <div class=\"r6vrt2wg softlite-dynamic-list\" data-softlite-slider=\"{&quot;enable&quot;:false,&quot;swiperOptions&quot;:{&quot;breakpoints&quot;:{&quot;2400&quot;:{&quot;slidesPerView&quot;:null,&quot;slidesPerGroup&quot;:null,&quot;spaceBetween&quot;:&quot;&quot;},&quot;1366&quot;:{&quot;slidesPerView&quot;:null,&quot;slidesPerGroup&quot;:null,&quot;spaceBetween&quot;:&quot;&quot;},&quot;1200&quot;:{&quot;slidesPerView&quot;:null,&quot;slidesPerGroup&quot;:null,&quot;spaceBetween&quot;:&quot;&quot;},&quot;1024&quot;:{&quot;slidesPerView&quot;:null,&quot;slidesPerGroup&quot;:null,&quot;spaceBetween&quot;:&quot;&quot;},&quot;880&quot;:{&quot;slidesPerView&quot;:null,&quot;slidesPerGroup&quot;:null,&quot;spaceBetween&quot;:&quot;&quot;},&quot;767&quot;:{&quot;slidesPerView&quot;:null,&quot;slidesPerGroup&quot;:null,&quot;spaceBetween&quot;:&quot;&quot;},&quot;0&quot;:{&quot;slidesPerView&quot;:null,&quot;slidesPerGroup&quot;:null,&quot;spaceBetween&quot;:&quot;&quot;}}}}\"><li class=\"di9eqy5w softlite-dynamic-list-item softlite-dynamic-list-item-inner softlite-dynamic-list-item-text-1\">Zapewnienia prawid\u0142owego dzia\u0142ania strony<\/li><li class=\"di9eqy5w softlite-dynamic-list-item softlite-dynamic-list-item-inner softlite-dynamic-list-item-text-1\">Zapami\u0119tania zawarto\u015bci koszyka<\/li><li class=\"di9eqy5w softlite-dynamic-list-item softlite-dynamic-list-item-inner softlite-dynamic-list-item-text-1\">Analizy statystyk odwiedzin<\/li><\/div> <\/div>\t\t\t\t<\/div>\n\t\t\t\t<div class=\"elementor-element elementor-element-f906266 elementor-widget__width-initial elementor-widget elementor-widget-text-editor\" data-id=\"f906266\" data-element_type=\"widget\" data-e-type=\"widget\" data-widget_type=\"text-editor.default\">\n\t\t\t\t\t\t\t\t\tMo\u017cesz zarz\u0105dza\u0107 ustawieniami cookies w swojej przegl\u0105darce.\t\t\t\t\t\t\t\t<\/div>\n\t\t\t\t<div class=\"elementor-element elementor-element-57e2961 elementor-widget__width-initial elementor-widget elementor-widget-heading\" data-id=\"57e2961\" data-element_type=\"widget\" data-e-type=\"widget\" data-widget_type=\"heading.default\">\n\t\t\t\t\t<h2 class=\"elementor-heading-title elementor-size-default\">9. Bezpiecze\u0144stwo danych<\/h2>\t\t\t\t<\/div>\n\t\t\t\t<div class=\"elementor-element elementor-element-86b0c61 elementor-widget__width-initial elementor-widget elementor-widget-text-editor\" data-id=\"86b0c61\" data-element_type=\"widget\" data-e-type=\"widget\" data-widget_type=\"text-editor.default\">\n\t\t\t\t\t\t\t\t\tStosujemy odpowiednie \u015brodki techniczne i organizacyjne w celu ochrony danych osobowych, w tym szyfrowanie SSL, bezpieczne serwery oraz ograniczony dost\u0119p do danych.\t\t\t\t\t\t\t\t<\/div>\n\t\t\t\t<div class=\"elementor-element elementor-element-d7d41a5 elementor-widget__width-initial elementor-widget elementor-widget-heading\" data-id=\"d7d41a5\" data-element_type=\"widget\" data-e-type=\"widget\" data-widget_type=\"heading.default\">\n\t\t\t\t\t<h2 class=\"elementor-heading-title elementor-size-default\">10. Kontakt<\/h2>\t\t\t\t<\/div>\n\t\t\t\t<div class=\"elementor-element elementor-element-6d05542 elementor-widget__width-initial elementor-widget elementor-widget-text-editor\" data-id=\"6d05542\" data-element_type=\"widget\" data-e-type=\"widget\" data-widget_type=\"text-editor.default\">\n\t\t\t\t\t\t\t\t\t<p>W sprawach zwi\u0105zanych z ochron\u0105 danych osobowych prosimy o kontakt:<br \/>Email: kontakt@gerart.online<\/p>\t\t\t\t\t\t\t\t<\/div>\n\t\t\t\t<\/div>\n\t\t\t\t<\/div>\n\t\t\t\t<\/div>\n\t\t\t\t<\/div>\n\t\t\t\t<\/div>\n\t\t\t\t<\/div>\n\t\t<div class=\"elementor-element elementor-element-2bb86fc e-con-full e-flex e-con e-child\" data-id=\"2bb86fc\" data-element_type=\"container\" data-e-type=\"container\">\n\t\t\t\t<\/div>\n\t\t<div class=\"elementor-element elementor-element-073f36a e-con-full e-flex e-con e-child\" data-id=\"073f36a\" data-element_type=\"container\" data-e-type=\"container\" data-settings=\"{&quot;background_background&quot;:&quot;classic&quot;}\">\n\t\t\t\t<\/div>\n\t\t<div class=\"elementor-element elementor-element-c31fe00 e-con-full e-flex e-con e-child\" data-id=\"c31fe00\" data-element_type=\"container\" data-e-type=\"container\" data-settings=\"{&quot;background_background&quot;:&quot;classic&quot;}\">\n\t\t\t\t<\/div>\n\t\t\t\t<\/div>\n\t\t\t\t<\/div>","protected":false},"excerpt":{"rendered":"<p>Polityka prywatno\u015bci Ostatnia aktualizacja: 24.01.2026 1. Administrator danych osobowych GERART LIMITEDNumer rejestracyjny: 16857407 Unit 13 Freeland Park Wareham Road, Lytchett Matravers, Poole, England, BH16 6FA mail: admin@gerart.digital 2. Jakie dane zbieramy W ramach dzia\u0142alno\u015bci sklepu zbieramy nast\u0119puj\u0105ce dane: Imi\u0119 i nazwisko Adres email Dane dotycz\u0105ce transakcji Adres IP Dane dotycz\u0105ce aktywno\u015bci w sklepie 3. Cel [&hellip;]<\/p>","protected":false},"author":1,"featured_media":0,"parent":0,"menu_order":0,"comment_status":"closed","ping_status":"closed","template":"","meta":{"footnotes":""},"class_list":["post-384","page","type-page","status-publish","hentry"],"_links":{"self":[{"href":"https:\/\/gerart.online\/en\/wp-json\/wp\/v2\/pages\/384","targetHints":{"allow":["GET"]}}],"collection":[{"href":"https:\/\/gerart.online\/en\/wp-json\/wp\/v2\/pages"}],"about":[{"href":"https:\/\/gerart.online\/en\/wp-json\/wp\/v2\/types\/page"}],"author":[{"embeddable":true,"href":"https:\/\/gerart.online\/en\/wp-json\/wp\/v2\/users\/1"}],"replies":[{"embeddable":true,"href":"https:\/\/gerart.online\/en\/wp-json\/wp\/v2\/comments?post=384"}],"version-history":[{"count":10,"href":"https:\/\/gerart.online\/en\/wp-json\/wp\/v2\/pages\/384\/revisions"}],"predecessor-version":[{"id":446,"href":"https:\/\/gerart.online\/en\/wp-json\/wp\/v2\/pages\/384\/revisions\/446"}],"wp:attachment":[{"href":"https:\/\/gerart.online\/en\/wp-json\/wp\/v2\/media?parent=384"}],"curies":[{"name":"wp","href":"https:\/\/api.w.org\/{rel}","templated":true}]}}