{"id":378,"date":"2026-01-25T02:41:32","date_gmt":"2026-01-25T02:41:32","guid":{"rendered":"https:\/\/gerart.online\/?page_id=378"},"modified":"2026-02-01T13:04:17","modified_gmt":"2026-02-01T13:04:17","slug":"regulamin","status":"publish","type":"page","link":"https:\/\/gerart.online\/en\/regulamin\/","title":{"rendered":"Regulamin"},"content":{"rendered":"<div data-elementor-type=\"wp-page\" data-elementor-id=\"378\" class=\"elementor elementor-378\" data-elementor-post-type=\"page\">\n\t\t\t\t<div class=\"elementor-element elementor-element-d1550e6 e-flex e-con-boxed e-con e-parent\" data-id=\"d1550e6\" data-element_type=\"container\" data-e-type=\"container\">\n\t\t\t\t\t<div class=\"e-con-inner\">\n\t\t\t\t<div class=\"elementor-element elementor-element-452ee7e elementor-widget elementor-widget-text-editor\" data-id=\"452ee7e\" data-element_type=\"widget\" data-e-type=\"widget\" data-widget_type=\"text-editor.default\">\n\t\t\t\t\t\t\t\t\t<h1>Regulamin \u015awiadczenia Us\u0142ug<\/h1><p><strong>Ostatnia aktualizacja: 16 grudnia 2025<\/strong><\/p><p>\u00a0<\/p><p>Prosimy o uwa\u017cne przeczytanie niniejszego Regulaminu \u015awiadczenia Us\u0142ug (&#8222;Regulamin&#8221;, &#8222;Warunki&#8221;) przed rozpocz\u0119ciem korzystania z naszej strony internetowej i zakupem naszych produkt\u00f3w cyfrowych (&#8222;Us\u0142uga&#8221;) obs\u0142ugiwanych przez GERART LIMITED (&#8222;my&#8221;, &#8222;nas&#8221; lub &#8222;nasze&#8221;).<\/p><p>Dost\u0119p do Us\u0142ugi i korzystanie z niej jest uwarunkowane akceptacj\u0105 i przestrzeganiem niniejszego Regulaminu. Niniejszy Regulamin ma zastosowanie do wszystkich odwiedzaj\u0105cych, u\u017cytkownik\u00f3w i innych os\u00f3b, kt\u00f3re uzyskuj\u0105 dost\u0119p do Us\u0142ugi lub z niej korzystaj\u0105.<\/p><h4>1. Dane Firmy<\/h4><p><br \/>Niniejsza strona internetowa oraz sprzedawane na niej produkty cyfrowe s\u0105 w\u0142asno\u015bci\u0105 i s\u0105 obs\u0142ugiwane przez:<\/p><p>GERART LIMITED<br \/>Numer Rejestracyjny: 16857407<br \/>Adres: Unit 13 Freeland Park Wareham Road, Lytchett Matravers, Poole, England, BH16 6FA<br \/>United Kingdom<br \/>E-mail: admin@gerart.digital<\/p><h4>2. Produkty i Us\u0142ugi Cyfrowe<\/h4><p><br \/>Dostarczamy tre\u015bci edukacyjne, kursy online, e-booki i inne materia\u0142y cyfrowe (&#8222;Infoprodukty&#8221;). Kupuj\u0105c nasze produkty, otrzymujesz ograniczon\u0105, niewy\u0142\u0105czn\u0105 i niezbywaln\u0105 licencj\u0119 na dost\u0119p do tre\u015bci i ich przegl\u0105danie wy\u0142\u0105cznie do osobistego, niekomercyjnego u\u017cytku.<\/p><h4>3. P\u0142atno\u015bci i Rozliczenia<\/h4><p>Akceptujemy p\u0142atno\u015bci za po\u015brednictwem zewn\u0119trznych operator\u00f3w p\u0142atno\u015bci (takich jak Stripe i Mollie). Podaj\u0105c metod\u0119 p\u0142atno\u015bci, o\u015bwiadczasz, \u017ce jeste\u015b upowa\u017cniony do korzystania z podanej metody p\u0142atno\u015bci oraz \u017ce podane informacje s\u0105 prawdziwe i dok\u0142adne.<\/p><p>Wszystkie ceny s\u0105 podane w walucie wy\u015bwietlanej przy kasie i zawieraj\u0105 obowi\u0105zuj\u0105cy podatek VAT, chyba \u017ce zaznaczono inaczej.<\/p><h4>4. Polityka Zwrot\u00f3w i Prawo do Odst\u0105pienia od Umowy<\/h4><p>Zale\u017cy nam na Twoim zadowoleniu z zakupu. Jednak\u017ce, poniewa\u017c nasze produkty s\u0105 towarami cyfrowymi dostarczanymi poprzez pobranie z Internetu lub dost\u0119p online, zgodnie z prawem konsumenckim Wielkiej Brytanii i UE obowi\u0105zuj\u0105 nast\u0119puj\u0105ce zasady:<\/p><p>14-Dniowa Gwarancja: Zasadniczo oferujemy 14-dniowy okres zwrotu od daty zakupu, je\u015bli nie jeste\u015b zadowolony z tre\u015bci, chyba \u017ce na stronie sprzeda\u017cy konkretnego produktu wyra\u017anie zaznaczono inaczej.<br \/>Prawo UE do Odst\u0105pienia od Umowy: Zgodnie z prawem UE\/UK, masz ustawowe prawo do odst\u0105pienia od umowy dotycz\u0105cej tre\u015bci cyfrowych w ci\u0105gu 14 dni. Jednak\u017ce, uzyskuj\u0105c dost\u0119p, pobieraj\u0105c lub strumieniuj\u0105c tre\u015bci cyfrowe natychmiast po zakupie, przyjmujesz do wiadomo\u015bci, \u017ce mo\u017cesz utraci\u0107 prawo do odst\u0105pienia od umowy z chwil\u0105 rozpocz\u0119cia jej wykonywania.<br \/>Aby za\u017c\u0105da\u0107 zwrotu pieni\u0119dzy, skontaktuj si\u0119 z nami pod adresem admin@gerart.digital, podaj\u0105c szczeg\u00f3\u0142y zam\u00f3wienia.<\/p><h4><br \/>5. W\u0142asno\u015b\u0107 Intelektualna<\/h4><p>Us\u0142uga oraz jej oryginalne tre\u015bci, funkcje i funkcjonalno\u015b\u0107 s\u0105 i pozostan\u0105 wy\u0142\u0105czn\u0105 w\u0142asno\u015bci\u0105 GERART LIMITED<br \/>i jej licencjodawc\u00f3w. Nasze tre\u015bci s\u0105 chronione prawem autorskim, znakami towarowymi i innymi prawami zar\u00f3wno Wielkiej Brytanii, jak i innych kraj\u00f3w. Nie wolno powiela\u0107, rozpowszechnia\u0107, modyfikowa\u0107, tworzy\u0107 dzie\u0142 pochodnych, publicznie wy\u015bwietla\u0107, publicznie wykonywa\u0107, ponownie publikowa\u0107, pobiera\u0107, przechowywa\u0107 ani przesy\u0142a\u0107 \u017cadnych materia\u0142\u00f3w z naszej strony internetowej bez naszej uprzedniej pisemnej zgody.<\/p><h4>6. Ograniczenie Odpowiedzialno\u015bci<\/h4><p>W maksymalnym zakresie dozwolonym przez obowi\u0105zuj\u0105ce prawo, w \u017cadnym wypadku firma GERART LIMITED, ani jej dyrektorzy, pracownicy, partnerzy, agenci, dostawcy lub podmioty stowarzyszone nie ponosz\u0105 odpowiedzialno\u015bci za jakiekolwiek szkody po\u015brednie, przypadkowe, szczeg\u00f3lne, wynikowe lub karne, w tym mi\u0119dzy innymi utrat\u0119 zysk\u00f3w, danych, u\u017cytkowania, warto\u015bci firmy lub inne straty niematerialne, wynikaj\u0105ce z dost\u0119pu do lub korzystania z, lub niemo\u017cno\u015bci dost\u0119pu lub korzystania z Us\u0142ugi.<\/p><h4>7. Prawo W\u0142a\u015bciwe<\/h4><p>Niniejszy Regulamin podlega i b\u0119dzie interpretowany zgodnie z prawem Wielkiej Brytanii (Anglia i Walia), bez wzgl\u0119du na przepisy kolizyjne.<\/p><p>Niewyegzekwowanie przez nas jakiegokolwiek prawa lub postanowienia niniejszego Regulaminu nie b\u0119dzie uwa\u017cane za zrzeczenie si\u0119 tych praw.<\/p><h4>8. Zmiany w Regulaminie<\/h4><p>Zastrzegamy sobie prawo, wed\u0142ug w\u0142asnego uznania, do modyfikacji lub zmiany niniejszego Regulaminu w dowolnym momencie. Kontynuuj\u0105c dost\u0119p do naszej Us\u0142ugi lub korzystanie z niej po wej\u015bciu w \u017cycie tych zmian, zgadzasz si\u0119 na zwi\u0105zanie zmienionym regulaminem.<\/p><h4>9. Procedura Reklamacyjna<\/h4><p>Dbamy o wysok\u0105 jako\u015b\u0107 naszych us\u0142ug. Je\u015bli jednak masz zastrze\u017cenia co do zakupionych produkt\u00f3w lub funkcjonowania serwisu, masz prawo z\u0142o\u017cy\u0107 reklamacj\u0119.<\/p><p>Reklamacje mo\u017cna sk\u0142ada\u0107 drog\u0105 elektroniczn\u0105 na adres: admin@gerart.digital<br \/>W zg\u0142oszeniu reklamacyjnym prosimy o podanie: imienia i nazwiska, numeru zam\u00f3wienia, opisu problemu oraz oczekiwanego sposobu rozwi\u0105zania sprawy.<br \/>Rozpatrzymy Twoj\u0105 reklamacj\u0119 w terminie 14 dni od daty jej otrzymania. O naszej decyzji zostaniesz poinformowany drog\u0105 mailow\u0105.<br \/>Konsumenci w UE maj\u0105 r\u00f3wnie\u017c mo\u017cliwo\u015b\u0107 skorzystania z platformy ODR (Online Dispute Resolution) w celu pozas\u0105dowego rozstrzygania spor\u00f3w, dost\u0119pnej pod adresem: http:\/\/ec.europa.eu\/consumers\/odr.<\/p><h4>10. Kontakt<\/h4><p>Je\u015bli masz jakiekolwiek pytania dotycz\u0105ce niniejszego Regulaminu, skontaktuj si\u0119 z nami:<\/p><p>E-mailowo: admin@gerart.digital<br \/>Poczt\u0105: Lytchett House, 13 Freeland Park, Wareham Road, Poole, Dorset, BH16 6FA, United Kingdom<\/p>\t\t\t\t\t\t\t\t<\/div>\n\t\t\t\t\t<\/div>\n\t\t\t\t<\/div>\n\t\t\t\t<\/div>","protected":false},"excerpt":{"rendered":"<p>Regulamin \u015awiadczenia Us\u0142ug Ostatnia aktualizacja: 16 grudnia 2025 \u00a0 Prosimy o uwa\u017cne przeczytanie niniejszego Regulaminu \u015awiadczenia Us\u0142ug (&#8222;Regulamin&#8221;, &#8222;Warunki&#8221;) przed rozpocz\u0119ciem korzystania z naszej strony internetowej i zakupem naszych produkt\u00f3w cyfrowych (&#8222;Us\u0142uga&#8221;) obs\u0142ugiwanych przez GERART LIMITED (&#8222;my&#8221;, &#8222;nas&#8221; lub &#8222;nasze&#8221;). Dost\u0119p do Us\u0142ugi i korzystanie z niej jest uwarunkowane akceptacj\u0105 i przestrzeganiem niniejszego Regulaminu. Niniejszy [&hellip;]<\/p>","protected":false},"author":1,"featured_media":0,"parent":0,"menu_order":0,"comment_status":"closed","ping_status":"closed","template":"","meta":{"footnotes":""},"class_list":["post-378","page","type-page","status-publish","hentry"],"_links":{"self":[{"href":"https:\/\/gerart.online\/en\/wp-json\/wp\/v2\/pages\/378","targetHints":{"allow":["GET"]}}],"collection":[{"href":"https:\/\/gerart.online\/en\/wp-json\/wp\/v2\/pages"}],"about":[{"href":"https:\/\/gerart.online\/en\/wp-json\/wp\/v2\/types\/page"}],"author":[{"embeddable":true,"href":"https:\/\/gerart.online\/en\/wp-json\/wp\/v2\/users\/1"}],"replies":[{"embeddable":true,"href":"https:\/\/gerart.online\/en\/wp-json\/wp\/v2\/comments?post=378"}],"version-history":[{"count":14,"href":"https:\/\/gerart.online\/en\/wp-json\/wp\/v2\/pages\/378\/revisions"}],"predecessor-version":[{"id":450,"href":"https:\/\/gerart.online\/en\/wp-json\/wp\/v2\/pages\/378\/revisions\/450"}],"wp:attachment":[{"href":"https:\/\/gerart.online\/en\/wp-json\/wp\/v2\/media?parent=378"}],"curies":[{"name":"wp","href":"https:\/\/api.w.org\/{rel}","templated":true}]}}